{"id":5,"date":"2020-01-13T11:17:52","date_gmt":"2020-01-13T11:17:52","guid":{"rendered":"https:\/\/demosites.io\/web-agency-gb\/?page_id=5"},"modified":"2026-03-24T08:09:20","modified_gmt":"2026-03-24T08:09:20","slug":"15c42-web-agency-gb-home","status":"publish","type":"page","link":"https:\/\/katredijitalatolye.com\/","title":{"rendered":"Anasayfa"},"content":{"rendered":"\n<div style=\"height:33px\" aria-hidden=\"true\" class=\"wp-block-spacer\"><\/div>\n\n\n\n<div class=\"alignfull\"><div id=\"metaslider-id-413\" style=\"width: 100%;\" class=\"ml-slider-3-107-0 metaslider metaslider-responsive metaslider-413 ml-slider has-dots-nav ms-theme-cubic\" role=\"region\" aria-label=\"New Slideshow\" data-height=\"300\" data-width=\"700\">\n    <div id=\"metaslider_container_413\">\n        <ul id='metaslider_413' class='rslides'>\n            <li aria-roledescription='slide' aria-labelledby='slide-0'><img loading=\"lazy\" decoding=\"async\" src=\"https:\/\/katredijitalatolye.com\/wp-content\/uploads\/2022\/03\/1-700x300.jpg\" height=\"300\" width=\"700\" alt=\"\" class=\"slider-413 slide-428 msDefaultImage\" title=\"1\" \/><\/li>\n            <li style='display: none;' aria-roledescription='slide' aria-labelledby='slide-1'><img loading=\"lazy\" decoding=\"async\" src=\"https:\/\/katredijitalatolye.com\/wp-content\/uploads\/2022\/03\/6-700x300.jpg\" height=\"300\" width=\"700\" alt=\"\" class=\"slider-413 slide-430 msDefaultImage\" title=\"6\" \/><\/li>\n            <li style='display: none;' aria-roledescription='slide' aria-labelledby='slide-2'><img loading=\"lazy\" decoding=\"async\" src=\"https:\/\/katredijitalatolye.com\/wp-content\/uploads\/2022\/03\/8-700x300.jpg\" height=\"300\" width=\"700\" alt=\"\" class=\"slider-413 slide-432 msDefaultImage\" title=\"8\" \/><\/li>\n            <li style='display: none;' aria-roledescription='slide' aria-labelledby='slide-3'><img loading=\"lazy\" decoding=\"async\" src=\"https:\/\/katredijitalatolye.com\/wp-content\/uploads\/2022\/03\/9-700x300.jpg\" height=\"300\" width=\"700\" alt=\"\" class=\"slider-413 slide-434 msDefaultImage\" title=\"9\" \/><\/li>\n            <li style='display: none;' aria-roledescription='slide' aria-labelledby='slide-4'><img loading=\"lazy\" decoding=\"async\" src=\"https:\/\/katredijitalatolye.com\/wp-content\/uploads\/2022\/03\/13-700x300.jpg\" height=\"300\" width=\"700\" alt=\"\" class=\"slider-413 slide-436 msDefaultImage\" title=\"13\" \/><\/li>\n            <li style='display: none;' aria-roledescription='slide' aria-labelledby='slide-5'><img loading=\"lazy\" decoding=\"async\" src=\"https:\/\/katredijitalatolye.com\/wp-content\/uploads\/2022\/03\/S4.Katre_-700x300.jpg\" height=\"300\" width=\"700\" alt=\"\" class=\"slider-413 slide-438 msDefaultImage\" title=\"S4.Katre\" \/><\/li>\n            <li style='display: none;' aria-roledescription='slide' aria-labelledby='slide-6'><img loading=\"lazy\" decoding=\"async\" src=\"https:\/\/katredijitalatolye.com\/wp-content\/uploads\/2022\/03\/S3.Katre_-700x300.jpg\" height=\"300\" width=\"700\" alt=\"\" class=\"slider-413 slide-440 msDefaultImage\" title=\"S3.Katre\" \/><\/li>\n            <li style='display: none;' aria-roledescription='slide' aria-labelledby='slide-7'><img loading=\"lazy\" decoding=\"async\" src=\"https:\/\/katredijitalatolye.com\/wp-content\/uploads\/2022\/03\/S6-700x300.jpg\" height=\"300\" width=\"700\" alt=\"\" class=\"slider-413 slide-442 msDefaultImage\" title=\"S6\" \/><\/li>\n            <li style='display: none;' aria-roledescription='slide' aria-labelledby='slide-8'><img loading=\"lazy\" decoding=\"async\" src=\"https:\/\/katredijitalatolye.com\/wp-content\/uploads\/2022\/03\/S7.Katre_-700x300.jpg\" height=\"300\" width=\"700\" alt=\"\" class=\"slider-413 slide-444 msDefaultImage\" title=\"S7.Katre\" \/><\/li>\n            <li style='display: none;' aria-roledescription='slide' aria-labelledby='slide-9'><img loading=\"lazy\" decoding=\"async\" src=\"https:\/\/katredijitalatolye.com\/wp-content\/uploads\/2022\/03\/S10.Katre_-700x300.jpg\" height=\"300\" width=\"700\" alt=\"\" class=\"slider-413 slide-446 msDefaultImage\" title=\"S10.Katre\" \/><\/li>\n            <li style='display: none;' aria-roledescription='slide' aria-labelledby='slide-10'><img loading=\"lazy\" decoding=\"async\" src=\"https:\/\/katredijitalatolye.com\/wp-content\/uploads\/2022\/03\/S15.Katre_-700x300.jpg\" height=\"300\" width=\"700\" alt=\"\" class=\"slider-413 slide-448 msDefaultImage\" title=\"S15.Katre\" \/><\/li>\n            <li style='display: none;' aria-roledescription='slide' aria-labelledby='slide-11'><img loading=\"lazy\" decoding=\"async\" src=\"https:\/\/katredijitalatolye.com\/wp-content\/uploads\/2022\/03\/11-700x300.jpg\" height=\"300\" width=\"700\" alt=\"\" class=\"slider-413 slide-450 msDefaultImage\" title=\"11\" \/><\/li>\n        <\/ul>\n        \n    <\/div>\n<\/div><\/div>\n\n\n\n<div class=\"wp-block-columns is-layout-flex wp-container-core-columns-is-layout-9d6595d7 wp-block-columns-is-layout-flex\">\n<div class=\"wp-block-column is-layout-flow wp-block-column-is-layout-flow\"><div class=\"wp-block-image icon-style is-style-rounded\">\n<figure class=\"aligncenter size-large\"><img loading=\"lazy\" decoding=\"async\" width=\"72\" height=\"72\" src=\"https:\/\/katredijitalatolye.com\/wp-content\/uploads\/2020\/01\/neve-webdesign-GB-03.png\" alt=\"\" class=\"wp-image-20\" title=\"\"\/><\/figure>\n<\/div>\n\n\n<h3 class=\"wp-block-heading has-text-align-center has-neve-text-color-color has-text-color\">Markan\u0131z\u0131 Birlikte B\u00fcy\u00fctelim !<\/h3>\n\n\n\n<p class=\"has-text-align-center\">Sat\u0131\u015flar\u0131n\u0131z\u0131 Artt\u0131rmak, Daha Fazla Bilinir Olmak, Hedeflerinizi Daha \u00c7abuk Yakalamak \u0130stemez Misiniz ?<\/p>\n\n\n\n<div style=\"height:20px\" aria-hidden=\"true\" class=\"wp-block-spacer\"><\/div>\n<\/div>\n<\/div>\n\n\n\n<h2 class=\"wp-block-heading has-text-align-center\">Sosyal Medya&#8217;dan Bizi Takip Edin !<\/h2>\n\n\n\n<ul class=\"wp-block-social-links is-content-justification-center is-layout-flex wp-container-core-social-links-is-layout-16018d1d wp-block-social-links-is-layout-flex\"><li class=\"wp-social-link wp-social-link-instagram  wp-block-social-link\"><a href=\"https:\/\/www.instagram.com\/katredijitalatolye\" class=\"wp-block-social-link-anchor\"><svg width=\"24\" height=\"24\" viewBox=\"0 0 24 24\" version=\"1.1\" xmlns=\"http:\/\/www.w3.org\/2000\/svg\" aria-hidden=\"true\" focusable=\"false\"><path d=\"M12,4.622c2.403,0,2.688,0.009,3.637,0.052c0.877,0.04,1.354,0.187,1.671,0.31c0.42,0.163,0.72,0.358,1.035,0.673 c0.315,0.315,0.51,0.615,0.673,1.035c0.123,0.317,0.27,0.794,0.31,1.671c0.043,0.949,0.052,1.234,0.052,3.637 s-0.009,2.688-0.052,3.637c-0.04,0.877-0.187,1.354-0.31,1.671c-0.163,0.42-0.358,0.72-0.673,1.035 c-0.315,0.315-0.615,0.51-1.035,0.673c-0.317,0.123-0.794,0.27-1.671,0.31c-0.949,0.043-1.233,0.052-3.637,0.052 s-2.688-0.009-3.637-0.052c-0.877-0.04-1.354-0.187-1.671-0.31c-0.42-0.163-0.72-0.358-1.035-0.673 c-0.315-0.315-0.51-0.615-0.673-1.035c-0.123-0.317-0.27-0.794-0.31-1.671C4.631,14.688,4.622,14.403,4.622,12 s0.009-2.688,0.052-3.637c0.04-0.877,0.187-1.354,0.31-1.671c0.163-0.42,0.358-0.72,0.673-1.035 c0.315-0.315,0.615-0.51,1.035-0.673c0.317-0.123,0.794-0.27,1.671-0.31C9.312,4.631,9.597,4.622,12,4.622 M12,3 C9.556,3,9.249,3.01,8.289,3.054C7.331,3.098,6.677,3.25,6.105,3.472C5.513,3.702,5.011,4.01,4.511,4.511 c-0.5,0.5-0.808,1.002-1.038,1.594C3.25,6.677,3.098,7.331,3.054,8.289C3.01,9.249,3,9.556,3,12c0,2.444,0.01,2.751,0.054,3.711 c0.044,0.958,0.196,1.612,0.418,2.185c0.23,0.592,0.538,1.094,1.038,1.594c0.5,0.5,1.002,0.808,1.594,1.038 c0.572,0.222,1.227,0.375,2.185,0.418C9.249,20.99,9.556,21,12,21s2.751-0.01,3.711-0.054c0.958-0.044,1.612-0.196,2.185-0.418 c0.592-0.23,1.094-0.538,1.594-1.038c0.5-0.5,0.808-1.002,1.038-1.594c0.222-0.572,0.375-1.227,0.418-2.185 C20.99,14.751,21,14.444,21,12s-0.01-2.751-0.054-3.711c-0.044-0.958-0.196-1.612-0.418-2.185c-0.23-0.592-0.538-1.094-1.038-1.594 c-0.5-0.5-1.002-0.808-1.594-1.038c-0.572-0.222-1.227-0.375-2.185-0.418C14.751,3.01,14.444,3,12,3L12,3z M12,7.378 c-2.552,0-4.622,2.069-4.622,4.622S9.448,16.622,12,16.622s4.622-2.069,4.622-4.622S14.552,7.378,12,7.378z M12,15 c-1.657,0-3-1.343-3-3s1.343-3,3-3s3,1.343,3,3S13.657,15,12,15z M16.804,6.116c-0.596,0-1.08,0.484-1.08,1.08 s0.484,1.08,1.08,1.08c0.596,0,1.08-0.484,1.08-1.08S17.401,6.116,16.804,6.116z\"><\/path><\/svg><span class=\"wp-block-social-link-label screen-reader-text\">Instagram<\/span><\/a><\/li><\/ul>\n\n\n\n<div style=\"height:80px\" aria-hidden=\"true\" class=\"wp-block-spacer\"><\/div>\n\n\n\n<div class=\"wp-block-cover alignfull is-light\" style=\"min-height:600px;aspect-ratio:unset;\"><img loading=\"lazy\" decoding=\"async\" width=\"696\" height=\"464\" class=\"wp-block-cover__image-background wp-image-461\" alt=\"\" src=\"https:\/\/katredijitalatolye.com\/wp-content\/uploads\/2022\/03\/grafik1.jpeg\" data-object-fit=\"cover\" srcset=\"https:\/\/katredijitalatolye.com\/wp-content\/uploads\/2022\/03\/grafik1.jpeg 696w, https:\/\/katredijitalatolye.com\/wp-content\/uploads\/2022\/03\/grafik1-300x200.jpeg 300w\" sizes=\"auto, (max-width: 696px) 100vw, 696px\" \/><span aria-hidden=\"true\" class=\"wp-block-cover__background has-nv-dark-bg-background-color has-background-dim\"><\/span><div class=\"wp-block-cover__inner-container is-layout-flow wp-block-cover-is-layout-flow\">\n<div class=\"wp-block-group\"><div class=\"wp-block-group__inner-container is-layout-flow wp-block-group-is-layout-flow\">\n<div style=\"height:30px\" aria-hidden=\"true\" class=\"wp-block-spacer\"><\/div>\n\n\n\n<div class=\"wp-block-columns are-vertically-aligned-center is-layout-flex wp-container-core-columns-is-layout-9d6595d7 wp-block-columns-is-layout-flex\">\n<div class=\"wp-block-column is-vertically-aligned-center is-layout-flow wp-block-column-is-layout-flow\" style=\"flex-basis:50%\"><\/div>\n\n\n\n<div class=\"wp-block-column is-vertically-aligned-center is-layout-flow wp-block-column-is-layout-flow\" style=\"flex-basis:50%\">\n<div style=\"height:20px\" aria-hidden=\"true\" class=\"wp-block-spacer\"><\/div>\n\n\n\n<h1 class=\"wp-block-heading has-text-align-left has-nv-site-bg-color has-text-color\">Web Tasar\u0131m<\/h1>\n\n\n\n<p class=\"has-text-align-left has-nv-site-bg-color has-text-color\" style=\"font-size:17px\"><strong>Kurumsal web tasar\u0131m\u0131, i\u015fletmelerin internette kurumsal yans\u0131t\u0131lmalar\u0131 i\u00e7in yap\u0131lan profesyonel web tasar\u0131mlard\u0131r. Sizin de Kurumsal Web Siteniz Olsun !<\/strong><\/p>\n\n\n\n<div class=\"wp-block-buttons is-horizontal is-content-justification-left is-layout-flex wp-container-core-buttons-is-layout-7e5fce0a wp-block-buttons-is-layout-flex\">\n<div class=\"wp-block-button is-style-primary\"><a class=\"wp-block-button__link wp-element-button\" href=\"https:\/\/katredijitalatolye.com\/web-agency-gb-portfolio-single\/\">DAHA FAZLA B\u0130LG\u0130 \u0130\u00c7\u0130N<\/a><\/div>\n<\/div>\n<\/div>\n<\/div>\n\n\n\n<div style=\"height:20px\" aria-hidden=\"true\" class=\"wp-block-spacer\"><\/div>\n<\/div><\/div>\n<\/div><\/div>\n\n\n\n<div class=\"wp-block-cover alignfull\" style=\"min-height:600px;aspect-ratio:unset;\"><span aria-hidden=\"true\" class=\"wp-block-cover__background has-nv-site-bg-background-color has-background-dim-100 has-background-dim\"><\/span><div class=\"wp-block-cover__inner-container is-layout-flow wp-block-cover-is-layout-flow\">\n<div class=\"wp-block-group\"><div class=\"wp-block-group__inner-container is-layout-flow wp-block-group-is-layout-flow\">\n<div style=\"height:80px\" aria-hidden=\"true\" class=\"wp-block-spacer\"><\/div>\n\n\n\n<div class=\"wp-block-columns are-vertically-aligned-center is-layout-flex wp-container-core-columns-is-layout-9d6595d7 wp-block-columns-is-layout-flex\">\n<div class=\"wp-block-column is-vertically-aligned-center is-layout-flow wp-block-column-is-layout-flow\" style=\"flex-basis:50%\">\n<h2 class=\"wp-block-heading has-text-align-left has-neve-text-color-color has-text-color\">Profesyonel Foto\u011fraf ve Video \u00c7ekimi <\/h2>\n\n\n\n<p class=\"has-text-align-left has-neve-text-color-color has-text-color\" style=\"font-size:17px\"><strong>Firman\u0131z\u0131n Tan\u0131t\u0131m\u0131 i\u00e7in Profesyonel Ekip ve Ekipmanla Video ve Foto\u011fraf \u00c7ekimi Yap\u0131yoruz. St\u00fcdyoda, Mekanda, \u00d6zel I\u015f\u0131kl\u0131 \u00c7ad\u0131r ve Ekipmanla \u00dcr\u00fcnlerinizin Foto\u011fraf\u0131n\u0131 \u00c7ekiyoruz<\/strong><\/p>\n\n\n\n<div class=\"wp-block-buttons is-horizontal is-content-justification-left is-layout-flex wp-container-core-buttons-is-layout-7e5fce0a wp-block-buttons-is-layout-flex\">\n<div class=\"wp-block-button is-style-primary\"><a class=\"wp-block-button__link wp-element-button\" href=\"https:\/\/katredijitalatolye.com\/index.php\/iletisim\/\" target=\"_blank\" rel=\"noreferrer noopener\">DAHA FAZLA B\u0130LG\u0130 \u0130\u00c7\u0130N<\/a><\/div>\n<\/div>\n\n\n\n<div style=\"height:40px\" aria-hidden=\"true\" class=\"wp-block-spacer\"><\/div>\n<\/div>\n\n\n\n<div class=\"wp-block-column is-vertically-aligned-center is-layout-flow wp-block-column-is-layout-flow\" style=\"flex-basis:50%\">\n<figure class=\"wp-block-image size-large is-style-rounded\"><img loading=\"lazy\" decoding=\"async\" width=\"1024\" height=\"576\" src=\"https:\/\/katredijitalatolye.com\/wp-content\/uploads\/2022\/03\/S7.Katre_-1-1024x576.jpg\" alt=\"\" class=\"wp-image-453\" srcset=\"https:\/\/katredijitalatolye.com\/wp-content\/uploads\/2022\/03\/S7.Katre_-1-1024x576.jpg 1024w, https:\/\/katredijitalatolye.com\/wp-content\/uploads\/2022\/03\/S7.Katre_-1-300x169.jpg 300w, https:\/\/katredijitalatolye.com\/wp-content\/uploads\/2022\/03\/S7.Katre_-1-768x432.jpg 768w, https:\/\/katredijitalatolye.com\/wp-content\/uploads\/2022\/03\/S7.Katre_-1-1536x864.jpg 1536w, https:\/\/katredijitalatolye.com\/wp-content\/uploads\/2022\/03\/S7.Katre_-1.jpg 1920w\" sizes=\"auto, (max-width: 1024px) 100vw, 1024px\" \/><\/figure>\n<\/div>\n<\/div>\n\n\n\n<div style=\"height:40px\" aria-hidden=\"true\" class=\"wp-block-spacer\"><\/div>\n<\/div><\/div>\n<\/div><\/div>\n\n\n\n<div class=\"wp-block-cover alignfull\" style=\"min-height:600px;aspect-ratio:unset;\"><img loading=\"lazy\" decoding=\"async\" width=\"1920\" height=\"1080\" class=\"wp-block-cover__image-background wp-image-458\" alt=\"\" src=\"https:\/\/katredijitalatolye.com\/wp-content\/uploads\/2022\/03\/sosyalmedya1.png\" data-object-fit=\"cover\" srcset=\"https:\/\/katredijitalatolye.com\/wp-content\/uploads\/2022\/03\/sosyalmedya1.png 1920w, https:\/\/katredijitalatolye.com\/wp-content\/uploads\/2022\/03\/sosyalmedya1-300x169.png 300w, https:\/\/katredijitalatolye.com\/wp-content\/uploads\/2022\/03\/sosyalmedya1-1024x576.png 1024w, https:\/\/katredijitalatolye.com\/wp-content\/uploads\/2022\/03\/sosyalmedya1-768x432.png 768w, https:\/\/katredijitalatolye.com\/wp-content\/uploads\/2022\/03\/sosyalmedya1-1536x864.png 1536w\" sizes=\"auto, (max-width: 1920px) 100vw, 1920px\" \/><span aria-hidden=\"true\" class=\"wp-block-cover__background has-nv-dark-bg-background-color has-background-dim\"><\/span><div class=\"wp-block-cover__inner-container is-layout-flow wp-block-cover-is-layout-flow\">\n<div class=\"wp-block-group\"><div class=\"wp-block-group__inner-container is-layout-flow wp-block-group-is-layout-flow\">\n<div style=\"height:80px\" aria-hidden=\"true\" class=\"wp-block-spacer\"><\/div>\n\n\n\n<div class=\"wp-block-columns are-vertically-aligned-center is-layout-flex wp-container-core-columns-is-layout-9d6595d7 wp-block-columns-is-layout-flex\">\n<div class=\"wp-block-column is-vertically-aligned-center is-layout-flow wp-block-column-is-layout-flow\" style=\"flex-basis:50%\"><\/div>\n\n\n\n<div class=\"wp-block-column is-vertically-aligned-center is-layout-flow wp-block-column-is-layout-flow\" style=\"flex-basis:50%\">\n<div style=\"height:40px\" aria-hidden=\"true\" class=\"wp-block-spacer\"><\/div>\n\n\n\n<h2 class=\"wp-block-heading has-text-align-left has-nv-text-dark-bg-color has-text-color\">Sosyal Medya Y\u00f6netimi<\/h2>\n\n\n\n<p class=\"has-text-align-left has-nv-text-dark-bg-color has-text-color\" style=\"font-size:17px\">Sat\u0131\u015flar\u0131n\u0131z\u0131 artt\u0131rmak, Daha fazla bilinir olmak,<br>Hedeflerinizi daha \u00e7abuk yakalamak,M\u00fc\u015fterilerinizin say\u0131s\u0131n\u0131 ger\u00e7ek rakamlarla b\u00fcy\u00fctmek \u0130stemez misiniz ?<\/p>\n\n\n\n<div class=\"wp-block-buttons is-horizontal is-content-justification-left is-layout-flex wp-container-core-buttons-is-layout-7e5fce0a wp-block-buttons-is-layout-flex\">\n<div class=\"wp-block-button is-style-primary\"><a class=\"wp-block-button__link wp-element-button\" href=\"https:\/\/katredijitalatolye.com\/index.php\/iletisim\/\" target=\"_blank\" rel=\"noreferrer noopener\">DAHA FAZLA B\u0130LG\u0130 \u0130\u00c7\u0130N<\/a><\/div>\n<\/div>\n<\/div>\n<\/div>\n\n\n\n<div style=\"height:50px\" aria-hidden=\"true\" class=\"wp-block-spacer\"><\/div>\n<\/div><\/div>\n<\/div><\/div>\n\n\n\n<div class=\"wp-block-cover alignfull\" style=\"min-height:600px;aspect-ratio:unset;\"><span aria-hidden=\"true\" class=\"wp-block-cover__background has-nv-site-bg-background-color has-background-dim-100 has-background-dim\"><\/span><div class=\"wp-block-cover__inner-container is-layout-flow wp-block-cover-is-layout-flow\">\n<div class=\"wp-block-group\"><div class=\"wp-block-group__inner-container is-layout-flow wp-block-group-is-layout-flow\">\n<div style=\"height:80px\" aria-hidden=\"true\" class=\"wp-block-spacer\"><\/div>\n\n\n\n<h2 class=\"wp-block-heading has-neve-text-color-color has-text-color\">Reklam ve Tan\u0131t\u0131m Filmi \u00c7ekimleri<\/h2>\n\n\n\n<div style=\"height:20px\" aria-hidden=\"true\" class=\"wp-block-spacer\"><\/div>\n\n\n\n<div class=\"wp-block-columns are-vertically-aligned-center is-layout-flex wp-container-core-columns-is-layout-9d6595d7 wp-block-columns-is-layout-flex\">\n<div class=\"wp-block-column is-vertically-aligned-center is-layout-flow wp-block-column-is-layout-flow\" style=\"flex-basis:50%\">\n<figure class=\"wp-block-image size-large\"><img loading=\"lazy\" decoding=\"async\" width=\"853\" height=\"1024\" src=\"https:\/\/katredijitalatolye.com\/wp-content\/uploads\/2022\/03\/KDA.003-1-853x1024.jpg\" alt=\"\" class=\"wp-image-475\" srcset=\"https:\/\/katredijitalatolye.com\/wp-content\/uploads\/2022\/03\/KDA.003-1-853x1024.jpg 853w, https:\/\/katredijitalatolye.com\/wp-content\/uploads\/2022\/03\/KDA.003-1-250x300.jpg 250w, https:\/\/katredijitalatolye.com\/wp-content\/uploads\/2022\/03\/KDA.003-1-768x922.jpg 768w, https:\/\/katredijitalatolye.com\/wp-content\/uploads\/2022\/03\/KDA.003-1.jpg 1000w\" sizes=\"auto, (max-width: 853px) 100vw, 853px\" \/><\/figure>\n\n\n\n<div style=\"height:40px\" aria-hidden=\"true\" class=\"wp-block-spacer\"><\/div>\n<\/div>\n\n\n\n<div class=\"wp-block-column is-vertically-aligned-center is-layout-flow wp-block-column-is-layout-flow\" style=\"flex-basis:50%\">\n<figure class=\"wp-block-image size-large\"><img loading=\"lazy\" decoding=\"async\" width=\"853\" height=\"1024\" src=\"https:\/\/katredijitalatolye.com\/wp-content\/uploads\/2022\/03\/KDA.021-853x1024.jpg\" alt=\"\" class=\"wp-image-476\" srcset=\"https:\/\/katredijitalatolye.com\/wp-content\/uploads\/2022\/03\/KDA.021-853x1024.jpg 853w, https:\/\/katredijitalatolye.com\/wp-content\/uploads\/2022\/03\/KDA.021-250x300.jpg 250w, https:\/\/katredijitalatolye.com\/wp-content\/uploads\/2022\/03\/KDA.021-768x922.jpg 768w, https:\/\/katredijitalatolye.com\/wp-content\/uploads\/2022\/03\/KDA.021.jpg 1000w\" sizes=\"auto, (max-width: 853px) 100vw, 853px\" \/><\/figure>\n\n\n\n<div style=\"height:40px\" aria-hidden=\"true\" class=\"wp-block-spacer\"><\/div>\n<\/div>\n<\/div>\n\n\n\n<div style=\"height:10px\" aria-hidden=\"true\" class=\"wp-block-spacer\"><\/div>\n<\/div><\/div>\n<\/div><\/div>\n\n\n\n<div class=\"wp-block-cover alignfull\" style=\"min-height:300px;aspect-ratio:unset;\"><span aria-hidden=\"true\" class=\"wp-block-cover__background has-nv-dark-bg-background-color has-background-dim-100 has-background-dim\"><\/span><div class=\"wp-block-cover__inner-container is-layout-flow wp-block-cover-is-layout-flow\">\n<div style=\"height:140px\" aria-hidden=\"true\" class=\"wp-block-spacer\"><\/div>\n\n\n\n<h2 class=\"wp-block-heading has-text-align-center has-nv-text-dark-bg-color has-text-color\">D\u0130J\u0130TAL D\u00dcNYA\u2019DAK\u0130 YER\u0130N\u0130Z\u0130 ALIN<\/h2>\n\n\n\n<p class=\"has-text-align-center\">Dijital D\u00fcnya herkes i\u00e7in b\u00fcy\u00fck f\u0131rsatlar sunuyor \u00f6zellikle de k\u00fc\u00e7\u00fck i\u015fletmeler i\u00e7in<br>rekabette var olabilmelerini sa\u011flayacak maliyet\/fayda a\u00e7\u0131s\u0131ndan daha \u00e7ok avantajlar\u0131 var.<br>E\u011fer siz de i\u015fletme sahibi iseniz art\u0131k Dijital D\u00fcnya\u2019ya ad\u0131m atman\u0131n tam zaman\u0131.<\/p>\n\n\n\n<div class=\"wp-block-buttons is-horizontal is-content-justification-center is-layout-flex wp-container-core-buttons-is-layout-499968f5 wp-block-buttons-is-layout-flex\">\n<div class=\"wp-block-button is-style-primary\"><a class=\"wp-block-button__link wp-element-button\" href=\"https:\/\/katredijitalatolye.com\/iletisim\/\" target=\"_blank\" rel=\"noreferrer noopener\">DAHA FAZLASI<\/a><\/div>\n<\/div>\n\n\n\n<div style=\"height:140px\" aria-hidden=\"true\" class=\"wp-block-spacer\"><\/div>\n<\/div><\/div>\n","protected":false},"excerpt":{"rendered":"<p>Markan\u0131z\u0131 Birlikte B\u00fcy\u00fctelim ! Sat\u0131\u015flar\u0131n\u0131z\u0131 Artt\u0131rmak, Daha Fazla Bilinir Olmak, Hedeflerinizi Daha \u00c7abuk Yakalamak \u0130stemez Misiniz ? Sosyal Medya&#8217;dan Bizi Takip Edin !<\/p>\n","protected":false},"author":1,"featured_media":0,"parent":0,"menu_order":0,"comment_status":"closed","ping_status":"closed","template":"","meta":{"neve_meta_sidebar":"default","neve_meta_container":"default","neve_meta_enable_content_width":"on","neve_meta_content_width":100,"neve_meta_title_alignment":"","neve_meta_author_avatar":"","neve_post_elements_order":"","neve_meta_disable_header":"","neve_meta_disable_footer":"","neve_meta_disable_title":"on","_themeisle_gutenberg_block_has_review":false,"footnotes":""},"class_list":["post-5","page","type-page","status-publish","hentry"],"_links":{"self":[{"href":"https:\/\/katredijitalatolye.com\/wp-json\/wp\/v2\/pages\/5","targetHints":{"allow":["GET"]}}],"collection":[{"href":"https:\/\/katredijitalatolye.com\/wp-json\/wp\/v2\/pages"}],"about":[{"href":"https:\/\/katredijitalatolye.com\/wp-json\/wp\/v2\/types\/page"}],"author":[{"embeddable":true,"href":"https:\/\/katredijitalatolye.com\/wp-json\/wp\/v2\/users\/1"}],"replies":[{"embeddable":true,"href":"https:\/\/katredijitalatolye.com\/wp-json\/wp\/v2\/comments?post=5"}],"version-history":[{"count":42,"href":"https:\/\/katredijitalatolye.com\/wp-json\/wp\/v2\/pages\/5\/revisions"}],"predecessor-version":[{"id":502,"href":"https:\/\/katredijitalatolye.com\/wp-json\/wp\/v2\/pages\/5\/revisions\/502"}],"wp:attachment":[{"href":"https:\/\/katredijitalatolye.com\/wp-json\/wp\/v2\/media?parent=5"}],"curies":[{"name":"wp","href":"https:\/\/api.w.org\/{rel}","templated":true}]}}